{"id":17,"date":"2016-02-12T08:09:36","date_gmt":"2016-02-12T08:09:36","guid":{"rendered":"http:\/\/demos.famethemes.com\/onepress-oneify\/?page_id=17"},"modified":"2022-12-16T12:33:23","modified_gmt":"2022-12-16T11:33:23","slug":"our-history","status":"publish","type":"page","link":"https:\/\/em-m.se\/?page_id=17","title":{"rendered":"Om oss"},"content":{"rendered":"<p>Enstr\u00f6ms mark- och maskinentreprenad AB \u00e4r ett familje\u00e4gt f\u00f6retag som bildades 2019 i Gnesta, S\u00f6dermanslands l\u00e4n. F\u00f6rtaget drivs av yrkesofficeren Fredrik Enstr\u00f6m som tagit med sig den milit\u00e4ra professionen till EM-M. Vi genomf\u00f6r entrepren\u00f6rsarbeten inom mark, gr\u00e4v, snickeri och tr\u00e4dg\u00e5rd.<\/p>\n<p style=\"font-weight: 300; text-align: center;\">Alla projekt sker mycket noggrant och med god precision med m\u00e5let att du som kund ska bli riktigt n\u00f6jd med resultatet.<\/p>\n","protected":false},"excerpt":{"rendered":"<p>Nullam ut tempor eros. Donec faucibus, velit et imperdiet aliquam, lacus velit luctus urna, vitae porttitor orci libero id felis.<\/p>\n","protected":false},"author":2,"featured_media":18,"parent":0,"menu_order":0,"comment_status":"closed","ping_status":"closed","template":"","meta":{"footnotes":""},"class_list":["post-17","page","type-page","status-publish","has-post-thumbnail","hentry"],"_links":{"self":[{"href":"https:\/\/em-m.se\/index.php?rest_route=\/wp\/v2\/pages\/17","targetHints":{"allow":["GET"]}}],"collection":[{"href":"https:\/\/em-m.se\/index.php?rest_route=\/wp\/v2\/pages"}],"about":[{"href":"https:\/\/em-m.se\/index.php?rest_route=\/wp\/v2\/types\/page"}],"author":[{"embeddable":true,"href":"https:\/\/em-m.se\/index.php?rest_route=\/wp\/v2\/users\/2"}],"replies":[{"embeddable":true,"href":"https:\/\/em-m.se\/index.php?rest_route=%2Fwp%2Fv2%2Fcomments&post=17"}],"version-history":[{"count":3,"href":"https:\/\/em-m.se\/index.php?rest_route=\/wp\/v2\/pages\/17\/revisions"}],"predecessor-version":[{"id":1425,"href":"https:\/\/em-m.se\/index.php?rest_route=\/wp\/v2\/pages\/17\/revisions\/1425"}],"wp:featuredmedia":[{"embeddable":true,"href":"https:\/\/em-m.se\/index.php?rest_route=\/wp\/v2\/media\/18"}],"wp:attachment":[{"href":"https:\/\/em-m.se\/index.php?rest_route=%2Fwp%2Fv2%2Fmedia&parent=17"}],"curies":[{"name":"wp","href":"https:\/\/api.w.org\/{rel}","templated":true}]}}